{"id":1351,"date":"2024-12-11T07:39:27","date_gmt":"2024-12-11T07:39:27","guid":{"rendered":"https:\/\/klbtheme.com\/fynode\/?page_id=1351"},"modified":"2025-12-28T20:00:07","modified_gmt":"2025-12-28T20:00:07","slug":"about-us","status":"publish","type":"page","link":"https:\/\/anaroma.dogaonline.com.tr\/en\/about-us\/","title":{"rendered":"About Us"},"content":{"rendered":"<div data-elementor-type=\"wp-page\" data-elementor-id=\"1351\" class=\"elementor elementor-1351\" data-elementor-post-type=\"page\">\n\t\t\t\t<div class=\"elementor-element elementor-element-29f5bd3 e-con-full e-flex e-con e-parent\" data-id=\"29f5bd3\" data-element_type=\"container\">\n\t\t\t\t<div class=\"elementor-element elementor-element-0f9079b elementor-widget elementor-widget-fynode-page-banner\" data-id=\"0f9079b\" data-element_type=\"widget\" data-widget_type=\"fynode-page-banner.default\">\n\t\t\t\t<div class=\"elementor-widget-container\">\n\t\t\t\t\t<div class=\"site-page-header klb-page-banner style-1\"><div class=\"container\"><div class=\"site-page-header-inner\"><h1 class=\"entry-title\">About Anaroma<\/h1><div class=\"entry-description\"><p>Get to know us better.<\/p><\/div><!-- New Arrival --><\/div><!-- site-page-header-inner --><\/div><!-- container --><\/div><!-- site-page-header -->\t\t\t\t<\/div>\n\t\t\t\t<\/div>\n\t\t\t\t<\/div>\n\t\t<div class=\"elementor-element elementor-element-8b889a9 e-flex e-con-boxed e-con e-parent\" data-id=\"8b889a9\" data-element_type=\"container\">\n\t\t\t\t\t<div class=\"e-con-inner\">\n\t\t<div class=\"elementor-element elementor-element-b612515 e-con-full e-flex e-con e-child\" data-id=\"b612515\" data-element_type=\"container\">\n\t\t\t\t<div class=\"elementor-element elementor-element-f77db19 elementor-widget elementor-widget-fynode-banner-box2\" data-id=\"f77db19\" data-element_type=\"widget\" data-widget_type=\"fynode-banner-box2.default\">\n\t\t\t\t<div class=\"elementor-widget-container\">\n\t\t\t\t\t<div class=\"site-banner default-style banner-rounded light\" style=\"--banner-mobile: 400px; --banner-tablet: 520px; --banner-desktop: 620px;\"><div class=\"site-banner-content align-items-end justify-content-start padding-lg\"><div class=\"site-banner-inner max-width\" style=\"--max-width-desktop: 100%; --max-width-tablet: 100%; --max-width-mobile: 100%;\"><div class=\"site-banner-header\"><\/div><!-- site-banner-header --><div class=\"site-banner-body\"><\/div><!-- site-banner-body --><\/div><!-- site-banner-inner --><\/div><!-- site-banner-content --><div class=\"site-banner-media image-overlay\"><img decoding=\"async\" src=\"https:\/\/anaroma.dogaonline.com.tr\/wp-content\/uploads\/2025\/12\/90550a05f85e1e092ce5b2f61eade42b.jpg\" alt=\"\"><\/div><!-- site-banner-media --><a href=\"\"  class=\"wrap-link\"><\/a><\/div><!-- site-banner -->\t\t\t\t<\/div>\n\t\t\t\t<\/div>\n\t\t\t\t<\/div>\n\t\t<div class=\"elementor-element elementor-element-c2c4a30 e-con-full e-flex e-con e-child\" data-id=\"c2c4a30\" data-element_type=\"container\">\n\t\t\t\t<div class=\"elementor-element elementor-element-1268444 elementor-widget elementor-widget-image\" data-id=\"1268444\" data-element_type=\"widget\" data-widget_type=\"image.default\">\n\t\t\t\t\t\t\t\t\t\t\t\t\t\t\t<img decoding=\"async\" width=\"286\" height=\"55\" src=\"https:\/\/anaroma.dogaonline.com.tr\/wp-content\/uploads\/2025\/08\/anaroma-logo.png\" class=\"attachment-large size-large wp-image-3085\" alt=\"\" srcset=\"https:\/\/anaroma.dogaonline.com.tr\/wp-content\/uploads\/2025\/08\/anaroma-logo.png 286w, https:\/\/anaroma.dogaonline.com.tr\/wp-content\/uploads\/2025\/08\/anaroma-logo-90x17.png 90w\" sizes=\"(max-width: 286px) 100vw, 286px\" \/>\t\t\t\t\t\t\t\t\t\t\t\t\t\t\t<\/div>\n\t\t\t\t<div class=\"elementor-element elementor-element-e619ee6 opacity-75 elementor-widget elementor-widget-heading\" data-id=\"e619ee6\" data-element_type=\"widget\" data-widget_type=\"heading.default\">\n\t\t\t\t\t<p class=\"elementor-heading-title elementor-size-default\">Anaroma, a combination of the words Anatolia and Aroma, was founded in Hatay in 2009.<br><br> Our company, which produces with the principles of continuous improvement, innovation and reliability, has been producing all kinds of flavors for the food industry as well as all kinds of essences for the cosmetics and detergent industries since its establishment. It is an independent private organization whose all formulations are developed by aroma chemists whose know-how has been trained in-house.\n<br><br>\nIt is a local company that brings the world's most advanced laboratory equipment and production technologies to Turkey and serves with aroma chemists trained in-house. We supply raw materials from the same suppliers as the world's leading aroma producers and carry out formulation and production in Turkey. Since 2009, we have been producing products with the same quality as the world's giant companies. We are a leading company that produces quality and reliable food flavors and cosmetic essences with the support of advanced technology and continuous improvement principle.<\/p>\t\t\t\t<\/div>\n\t\t\t\t<\/div>\n\t\t\t\t\t<\/div>\n\t\t\t\t<\/div>\n\t\t<div class=\"elementor-element elementor-element-db8d0f8 e-flex e-con-boxed e-con e-parent\" data-id=\"db8d0f8\" data-element_type=\"container\" data-settings=\"{&quot;background_background&quot;:&quot;classic&quot;}\">\n\t\t\t\t\t<div class=\"e-con-inner\">\n\t\t\t\t<div class=\"elementor-element elementor-element-3c4e02a elementor-view-framed elementor-widget__width-initial elementor-shape-circle elementor-position-top elementor-mobile-position-top elementor-widget elementor-widget-icon-box\" data-id=\"3c4e02a\" data-element_type=\"widget\" data-widget_type=\"icon-box.default\">\n\t\t\t\t\t\t\t<div class=\"elementor-icon-box-wrapper\">\n\n\t\t\t\t\t\t<div class=\"elementor-icon-box-icon\">\n\t\t\t\t<span  class=\"elementor-icon\">\n\t\t\t\t<svg aria-hidden=\"true\" class=\"e-font-icon-svg e-far-eye\" viewbox=\"0 0 576 512\" xmlns=\"http:\/\/www.w3.org\/2000\/svg\"><path d=\"M288 144a110.94 110.94 0 0 0-31.24 5 55.4 55.4 0 0 1 7.24 27 56 56 0 0 1-56 56 55.4 55.4 0 0 1-27-7.24A111.71 111.71 0 1 0 288 144zm284.52 97.4C518.29 135.59 410.93 64 288 64S57.68 135.64 3.48 241.41a32.35 32.35 0 0 0 0 29.19C57.71 376.41 165.07 448 288 448s230.32-71.64 284.52-177.41a32.35 32.35 0 0 0 0-29.19zM288 400c-98.65 0-189.09-55-237.93-144C98.91 167 189.34 112 288 112s189.09 55 237.93 144C477.1 345 386.66 400 288 400z\"><\/path><\/svg>\t\t\t\t<\/span>\n\t\t\t<\/div>\n\t\t\t\n\t\t\t\t\t\t<div class=\"elementor-icon-box-content\">\n\n\t\t\t\t\t\t\t\t\t<h3 class=\"elementor-icon-box-title\">\n\t\t\t\t\t\t<span  >\n\t\t\t\t\t\t\tVision\t\t\t\t\t\t<\/span>\n\t\t\t\t\t<\/h3>\n\t\t\t\t\n\t\t\t\t\t\t\t\t\t<p class=\"elementor-icon-box-description\">\n\t\t\t\t\t\tTo anticipate customer needs by closely following the changes and developments in the world flavor and essence sectors\nTo be a partner and solution partner beyond the customer-supplier relationship\nTo lead the progress and development of the sector by continuous research and development.\nTo be one of the leading companies in the aroma and essence sector in Turkey and the Middle East\nTo be among the leading companies in reducing Turkey's flavor and essence imports as well as becoming a flavor exporting country.\nTo constantly follow the developments in the world and to move forward without stopping, thinking that the goals we set for ourselves will always lead us to higher goals and higher standards.\t\t\t\t\t<\/p>\n\t\t\t\t\n\t\t\t<\/div>\n\t\t\t\n\t\t<\/div>\n\t\t\t\t\t\t<\/div>\n\t\t\t\t<div class=\"elementor-element elementor-element-a90a2c5 elementor-view-framed elementor-widget__width-initial elementor-widget-tablet__width-initial elementor-shape-circle elementor-position-top elementor-mobile-position-top elementor-widget elementor-widget-icon-box\" data-id=\"a90a2c5\" data-element_type=\"widget\" data-widget_type=\"icon-box.default\">\n\t\t\t\t\t\t\t<div class=\"elementor-icon-box-wrapper\">\n\n\t\t\t\t\t\t<div class=\"elementor-icon-box-icon\">\n\t\t\t\t<span  class=\"elementor-icon\">\n\t\t\t\t<svg aria-hidden=\"true\" class=\"e-font-icon-svg e-far-chart-bar\" viewbox=\"0 0 512 512\" xmlns=\"http:\/\/www.w3.org\/2000\/svg\"><path d=\"M396.8 352h22.4c6.4 0 12.8-6.4 12.8-12.8V108.8c0-6.4-6.4-12.8-12.8-12.8h-22.4c-6.4 0-12.8 6.4-12.8 12.8v230.4c0 6.4 6.4 12.8 12.8 12.8zm-192 0h22.4c6.4 0 12.8-6.4 12.8-12.8V140.8c0-6.4-6.4-12.8-12.8-12.8h-22.4c-6.4 0-12.8 6.4-12.8 12.8v198.4c0 6.4 6.4 12.8 12.8 12.8zm96 0h22.4c6.4 0 12.8-6.4 12.8-12.8V204.8c0-6.4-6.4-12.8-12.8-12.8h-22.4c-6.4 0-12.8 6.4-12.8 12.8v134.4c0 6.4 6.4 12.8 12.8 12.8zM496 400H48V80c0-8.84-7.16-16-16-16H16C7.16 64 0 71.16 0 80v336c0 17.67 14.33 32 32 32h464c8.84 0 16-7.16 16-16v-16c0-8.84-7.16-16-16-16zm-387.2-48h22.4c6.4 0 12.8-6.4 12.8-12.8v-70.4c0-6.4-6.4-12.8-12.8-12.8h-22.4c-6.4 0-12.8 6.4-12.8 12.8v70.4c0 6.4 6.4 12.8 12.8 12.8z\"><\/path><\/svg>\t\t\t\t<\/span>\n\t\t\t<\/div>\n\t\t\t\n\t\t\t\t\t\t<div class=\"elementor-icon-box-content\">\n\n\t\t\t\t\t\t\t\t\t<h3 class=\"elementor-icon-box-title\">\n\t\t\t\t\t\t<span  >\n\t\t\t\t\t\t\tMission\t\t\t\t\t\t<\/span>\n\t\t\t\t\t<\/h3>\n\t\t\t\t\n\t\t\t\t\t\t\t\t\t<p class=\"elementor-icon-box-description\">\n\t\t\t\t\t\tTo make Anaroma a preferred partner-supplier in the aroma and essence industries\nUtilizing and developing our knowledge and experience for the needs of our customers\nProducing nature-identical, natural, natural, herbal, flavors and essences for perfume, cosmetics, pharmaceutical, food and beverage industries\t\t\t\t\t<\/p>\n\t\t\t\t\n\t\t\t<\/div>\n\t\t\t\n\t\t<\/div>\n\t\t\t\t\t\t<\/div>\n\t\t\t\t<div class=\"elementor-element elementor-element-936caf6 elementor-view-framed elementor-widget__width-initial elementor-shape-circle elementor-position-top elementor-mobile-position-top elementor-widget elementor-widget-icon-box\" data-id=\"936caf6\" data-element_type=\"widget\" data-widget_type=\"icon-box.default\">\n\t\t\t\t\t\t\t<div class=\"elementor-icon-box-wrapper\">\n\n\t\t\t\t\t\t<div class=\"elementor-icon-box-icon\">\n\t\t\t\t<span  class=\"elementor-icon\">\n\t\t\t\t<svg aria-hidden=\"true\" class=\"e-font-icon-svg e-fas-location-arrow\" viewbox=\"0 0 512 512\" xmlns=\"http:\/\/www.w3.org\/2000\/svg\"><path d=\"M444.52 3.52L28.74 195.42c-47.97 22.39-31.98 92.75 19.19 92.75h175.91v175.91c0 51.17 70.36 67.17 92.75 19.19l191.9-415.78c15.99-38.39-25.59-79.97-63.97-63.97z\"><\/path><\/svg>\t\t\t\t<\/span>\n\t\t\t<\/div>\n\t\t\t\n\t\t\t\t\t\t<div class=\"elementor-icon-box-content\">\n\n\t\t\t\t\t\t\t\t\t<h3 class=\"elementor-icon-box-title\">\n\t\t\t\t\t\t<span  >\n\t\t\t\t\t\t\tOur target\t\t\t\t\t\t<\/span>\n\t\t\t\t\t<\/h3>\n\t\t\t\t\n\t\t\t\t\t\t\t\t\t<p class=\"elementor-icon-box-description\">\n\t\t\t\t\t\tWe will expand our customer network by serving every sector where flavors and essences are used.\n\nTo produce preferable products with our fast-flexible service focused on customer demand and our reasonable price policy and to act as a partner with our customers.\t\t\t\t\t<\/p>\n\t\t\t\t\n\t\t\t<\/div>\n\t\t\t\n\t\t<\/div>\n\t\t\t\t\t\t<\/div>\n\t\t\t\t<div class=\"elementor-element elementor-element-2023b86 elementor-view-framed elementor-widget__width-initial elementor-shape-circle elementor-position-top elementor-mobile-position-top elementor-widget elementor-widget-icon-box\" data-id=\"2023b86\" data-element_type=\"widget\" data-widget_type=\"icon-box.default\">\n\t\t\t\t\t\t\t<div class=\"elementor-icon-box-wrapper\">\n\n\t\t\t\t\t\t<div class=\"elementor-icon-box-icon\">\n\t\t\t\t<span  class=\"elementor-icon\">\n\t\t\t\t<svg aria-hidden=\"true\" class=\"e-font-icon-svg e-fas-hand-holding-heart\" viewbox=\"0 0 576 512\" xmlns=\"http:\/\/www.w3.org\/2000\/svg\"><path d=\"M275.3 250.5c7 7.4 18.4 7.4 25.5 0l108.9-114.2c31.6-33.2 29.8-88.2-5.6-118.8-30.8-26.7-76.7-21.9-104.9 7.7L288 36.9l-11.1-11.6C248.7-4.4 202.8-9.2 172 17.5c-35.3 30.6-37.2 85.6-5.6 118.8l108.9 114.2zm290 77.6c-11.8-10.7-30.2-10-42.6 0L430.3 402c-11.3 9.1-25.4 14-40 14H272c-8.8 0-16-7.2-16-16s7.2-16 16-16h78.3c15.9 0 30.7-10.9 33.3-26.6 3.3-20-12.1-37.4-31.6-37.4H192c-27 0-53.1 9.3-74.1 26.3L71.4 384H16c-8.8 0-16 7.2-16 16v96c0 8.8 7.2 16 16 16h356.8c14.5 0 28.6-4.9 40-14L564 377c15.2-12.1 16.4-35.3 1.3-48.9z\"><\/path><\/svg>\t\t\t\t<\/span>\n\t\t\t<\/div>\n\t\t\t\n\t\t\t\t\t\t<div class=\"elementor-icon-box-content\">\n\n\t\t\t\t\t\t\t\t\t<h3 class=\"elementor-icon-box-title\">\n\t\t\t\t\t\t<span  >\n\t\t\t\t\t\t\tOur Values\t\t\t\t\t\t<\/span>\n\t\t\t\t\t<\/h3>\n\t\t\t\t\n\t\t\t\t\t\t\t\t\t<p class=\"elementor-icon-box-description\">\n\t\t\t\t\t\tReliability, Flexibility, Efficiency, Transparent, Honest and Sincere Communication, Stakeholderism and Collaboration\n\n\t\t\t\t\t<\/p>\n\t\t\t\t\n\t\t\t<\/div>\n\t\t\t\n\t\t<\/div>\n\t\t\t\t\t\t<\/div>\n\t\t\t\t<div class=\"elementor-element elementor-element-e5afc7d elementor-view-framed elementor-widget__width-initial elementor-shape-circle elementor-position-top elementor-mobile-position-top elementor-widget elementor-widget-icon-box\" data-id=\"e5afc7d\" data-element_type=\"widget\" data-widget_type=\"icon-box.default\">\n\t\t\t\t\t\t\t<div class=\"elementor-icon-box-wrapper\">\n\n\t\t\t\t\t\t<div class=\"elementor-icon-box-icon\">\n\t\t\t\t<span  class=\"elementor-icon\">\n\t\t\t\t<svg aria-hidden=\"true\" class=\"e-font-icon-svg e-far-file-alt\" viewbox=\"0 0 384 512\" xmlns=\"http:\/\/www.w3.org\/2000\/svg\"><path d=\"M288 248v28c0 6.6-5.4 12-12 12H108c-6.6 0-12-5.4-12-12v-28c0-6.6 5.4-12 12-12h168c6.6 0 12 5.4 12 12zm-12 72H108c-6.6 0-12 5.4-12 12v28c0 6.6 5.4 12 12 12h168c6.6 0 12-5.4 12-12v-28c0-6.6-5.4-12-12-12zm108-188.1V464c0 26.5-21.5 48-48 48H48c-26.5 0-48-21.5-48-48V48C0 21.5 21.5 0 48 0h204.1C264.8 0 277 5.1 286 14.1L369.9 98c9 8.9 14.1 21.2 14.1 33.9zm-128-80V128h76.1L256 51.9zM336 464V176H232c-13.3 0-24-10.7-24-24V48H48v416h288z\"><\/path><\/svg>\t\t\t\t<\/span>\n\t\t\t<\/div>\n\t\t\t\n\t\t\t\t\t\t<div class=\"elementor-icon-box-content\">\n\n\t\t\t\t\t\t\t\t\t<h3 class=\"elementor-icon-box-title\">\n\t\t\t\t\t\t<span  >\n\t\t\t\t\t\t\tOur Strategy\t\t\t\t\t\t<\/span>\n\t\t\t\t\t<\/h3>\n\t\t\t\t\n\t\t\t\t\t\t\t\t\t<p class=\"elementor-icon-box-description\">\n\t\t\t\t\t\tTo grow in the regions we serve by continuously strengthening our infrastructure that makes us one of the pioneers of the sector by investing in our technical staff and new technologies.\n\nTo expand our product portfolio, to make a difference with our new and constantly developing aroma and essence products, to expand our domestic and international market share.\t\t\t\t\t<\/p>\n\t\t\t\t\n\t\t\t<\/div>\n\t\t\t\n\t\t<\/div>\n\t\t\t\t\t\t<\/div>\n\t\t\t\t\t<\/div>\n\t\t\t\t<\/div>\n\t\t<div class=\"elementor-element elementor-element-bac8d3f e-flex e-con-boxed e-con e-parent\" data-id=\"bac8d3f\" data-element_type=\"container\">\n\t\t\t\t\t<div class=\"e-con-inner\">\n\t\t<div class=\"elementor-element elementor-element-4f54573 e-con-full e-flex e-con e-child\" data-id=\"4f54573\" data-element_type=\"container\">\n\t\t\t\t<div class=\"elementor-element elementor-element-fee82c1 elementor-widget elementor-widget-fynode-custom-title\" data-id=\"fee82c1\" data-element_type=\"widget\" data-widget_type=\"fynode-custom-title.default\">\n\t\t\t\t<div class=\"elementor-widget-container\">\n\t\t\t\t\t<div class=\"site-module-header fynode-custom-title flex-column align-items-center\"><div class=\"column\"><h3 class=\"entry-title\">News &amp; Announcement<\/h3><\/div><!-- column --><div class=\"column\"><div class=\"entry-description\"><p>The latest developments from our company and the sector.<\/p><\/div><!-- entry-descriptio --><\/div><!-- column --><\/div>\t\t\t\t<\/div>\n\t\t\t\t<\/div>\n\t\t\t\t<\/div>\n\t\t\t\t\t<\/div>\n\t\t\t\t<\/div>\n\t\t<div class=\"elementor-element elementor-element-6a83a64 e-flex e-con-boxed e-con e-parent\" data-id=\"6a83a64\" data-element_type=\"container\">\n\t\t\t\t\t<div class=\"e-con-inner\">\n\t\t<div class=\"elementor-element elementor-element-8c471ca e-con-full e-flex e-con e-child\" data-id=\"8c471ca\" data-element_type=\"container\">\n\t\t\t\t<div class=\"elementor-element elementor-element-2139f98 elementor-widget elementor-widget-fynode-latest-blog\" data-id=\"2139f98\" data-element_type=\"widget\" data-widget_type=\"fynode-latest-blog.default\">\n\t\t\t\t<div class=\"elementor-widget-container\">\n\t\t\t\t\t<div><div class=\"row\"><div class=\"col-6 col-md-6 col-lg-4\"><div class=\"post\"><div class=\"post-thumbnail\"><a href=\"https:\/\/anaroma.dogaonline.com.tr\/en\/exports-in-the-aroma-and-fragrance-sector-are-on-the-rise\/\"><img decoding=\"async\" src=\"https:\/\/anaroma.dogaonline.com.tr\/wp-content\/uploads\/2025\/08\/esans-456x486.webp\" alt=\"Exports on the Rise in the Aroma and Fragrance Sector\"><\/a><div class=\"entry-post-category\"><a href=\"https:\/\/anaroma.dogaonline.com.tr\/en\/exports-in-the-aroma-and-fragrance-sector-are-on-the-rise\/\">Uncategorized<\/a><\/div><!-- entry-post-category --><\/div><!-- post-thumbnail --><div class=\"post-content\"><h3 class=\"entry-title\"><a href=\"https:\/\/anaroma.dogaonline.com.tr\/en\/exports-in-the-aroma-and-fragrance-sector-are-on-the-rise\/\">Exports on the Rise in the Aroma and Fragrance Sector<\/a><\/h3><div class=\"entry-post-meta\"><div class=\"meta-item\"><span class=\"entry-author\">by <a href=\"https:\/\/anaroma.dogaonline.com.tr\/en\/exports-in-the-aroma-and-fragrance-sector-are-on-the-rise\/\" class=\"underlined-link\">admin<\/a><\/span><\/div><!-- meta-item --><div class=\"meta-item\"><span class=\"entry-date\">Aug 17, 2025<\/span><\/div><!-- meta-item --><\/div><!-- entry-post-meta --><\/div><\/div><\/div><div class=\"col-6 col-md-6 col-lg-4\"><div class=\"post\"><div class=\"post-thumbnail\"><a href=\"https:\/\/anaroma.dogaonline.com.tr\/en\/we-participated-in-the-world-food-istanbul-2017-fair\/\"><img decoding=\"async\" src=\"https:\/\/anaroma.dogaonline.com.tr\/wp-content\/uploads\/2025\/08\/world-food-istanbul-2017-456x486.jpeg\" alt=\"We Participated in the World Food Istanbul 2017 Fair\"><\/a><div class=\"entry-post-category\"><a href=\"https:\/\/anaroma.dogaonline.com.tr\/en\/we-participated-in-the-world-food-istanbul-2017-fair\/\">Uncategorized<\/a><\/div><!-- entry-post-category --><\/div><!-- post-thumbnail --><div class=\"post-content\"><h3 class=\"entry-title\"><a href=\"https:\/\/anaroma.dogaonline.com.tr\/en\/we-participated-in-the-world-food-istanbul-2017-fair\/\">We Participated in the World Food Istanbul 2017 Fair<\/a><\/h3><div class=\"entry-post-meta\"><div class=\"meta-item\"><span class=\"entry-author\">by <a href=\"https:\/\/anaroma.dogaonline.com.tr\/en\/we-participated-in-the-world-food-istanbul-2017-fair\/\" class=\"underlined-link\">admin<\/a><\/span><\/div><!-- meta-item --><div class=\"meta-item\"><span class=\"entry-date\">Aug 17, 2025<\/span><\/div><!-- meta-item --><\/div><!-- entry-post-meta --><\/div><\/div><\/div><div class=\"col-12\"><\/div><\/div><!-- row --><\/div>\t\t\t\t<\/div>\n\t\t\t\t<\/div>\n\t\t\t\t<\/div>\n\t\t\t\t\t<\/div>\n\t\t\t\t<\/div>\n\t\t\t\t<\/div>","protected":false},"excerpt":{"rendered":"<p>Anaroma Hakk\u0131nda Bizi yak\u0131ndan tan\u0131y\u0131n. Anadolu ve Aroma kelimelerinin birle\u015fiminden olu\u015fan Anaroma 2009 y\u0131l\u0131nda Hatay&#8217;da kurulmu\u015ftur. S\u00fcrekli iyile\u015ftirme, yenilik ve g\u00fcvenilirlik prensipleri ile \u00fcretim yapan firmam\u0131z, kuruldu\u011fu g\u00fcnden bug\u00fcne g\u0131da sanayisi i\u00e7in her t\u00fcrl\u00fc aroma \u00fcretiminin yan\u0131 s\u0131ra kozmetik ve detarjan sanayileri i\u00e7in her t\u00fcrl\u00fc esans \u00fcretimi yapmaktad\u0131r. T\u00fcm form\u00fclasyonlar\u0131 know how \u0131 kendi b\u00fcnyesinde<\/p>\n<div class=\"klb-readmore post-buttons\"><a class=\"btn btn-black btn-rounded\" href=\"https:\/\/anaroma.dogaonline.com.tr\/en\/we-participated-in-the-world-food-istanbul-2017-fair\/\">Read More <i class=\"klbth-icon-right-arrow\"><\/i><\/a><\/div>","protected":false},"author":1,"featured_media":0,"parent":0,"menu_order":0,"comment_status":"closed","ping_status":"closed","template":"","meta":{"footnotes":""},"class_list":["post-1351","page","type-page","status-publish","hentry"],"_links":{"self":[{"href":"https:\/\/anaroma.dogaonline.com.tr\/en\/wp-json\/wp\/v2\/pages\/1351","targetHints":{"allow":["GET"]}}],"collection":[{"href":"https:\/\/anaroma.dogaonline.com.tr\/en\/wp-json\/wp\/v2\/pages"}],"about":[{"href":"https:\/\/anaroma.dogaonline.com.tr\/en\/wp-json\/wp\/v2\/types\/page"}],"author":[{"embeddable":true,"href":"https:\/\/anaroma.dogaonline.com.tr\/en\/wp-json\/wp\/v2\/users\/1"}],"replies":[{"embeddable":true,"href":"https:\/\/anaroma.dogaonline.com.tr\/en\/wp-json\/wp\/v2\/comments?post=1351"}],"version-history":[{"count":22,"href":"https:\/\/anaroma.dogaonline.com.tr\/en\/wp-json\/wp\/v2\/pages\/1351\/revisions"}],"predecessor-version":[{"id":3382,"href":"https:\/\/anaroma.dogaonline.com.tr\/en\/wp-json\/wp\/v2\/pages\/1351\/revisions\/3382"}],"wp:attachment":[{"href":"https:\/\/anaroma.dogaonline.com.tr\/en\/wp-json\/wp\/v2\/media?parent=1351"}],"curies":[{"name":"wp","href":"https:\/\/api.w.org\/{rel}","templated":true}]}}