{"id":3391,"date":"2025-12-29T06:15:12","date_gmt":"2025-12-29T06:15:12","guid":{"rendered":"https:\/\/anaroma.dogaonline.com.tr\/?page_id=3391"},"modified":"2025-12-29T08:13:38","modified_gmt":"2025-12-29T08:13:38","slug":"sustainability","status":"publish","type":"page","link":"https:\/\/anaroma.dogaonline.com.tr\/en\/sustainability\/","title":{"rendered":"Sustainability"},"content":{"rendered":"<div data-elementor-type=\"wp-page\" data-elementor-id=\"3391\" class=\"elementor elementor-3391\" data-elementor-post-type=\"page\">\n\t\t\t\t<div class=\"elementor-element elementor-element-128b20c e-con-full e-flex e-con e-parent\" data-id=\"128b20c\" data-element_type=\"container\">\n\t\t\t\t<div class=\"elementor-element elementor-element-cb7a9da elementor-widget elementor-widget-fynode-page-banner\" data-id=\"cb7a9da\" data-element_type=\"widget\" data-widget_type=\"fynode-page-banner.default\">\n\t\t\t\t<div class=\"elementor-widget-container\">\n\t\t\t\t\t<div class=\"site-page-header klb-page-banner style-1\"><div class=\"container\"><div class=\"site-page-header-inner\"><h1 class=\"entry-title\">Sustainability<\/h1><div class=\"entry-description\"><p>As Anaroma, we work for a more livable world with sustainable production techniques and environmentally friendly solutions.<\/p><\/div><!-- New Arrival --><\/div><!-- site-page-header-inner --><\/div><!-- container --><\/div><!-- site-page-header -->\t\t\t\t<\/div>\n\t\t\t\t<\/div>\n\t\t\t\t<\/div>\n\t\t<div class=\"elementor-element elementor-element-4cb0143 e-flex e-con-boxed e-con e-parent\" data-id=\"4cb0143\" data-element_type=\"container\">\n\t\t\t\t\t<div class=\"e-con-inner\">\n\t\t\t\t<div class=\"elementor-element elementor-element-e684675 elementor-widget elementor-widget-image\" data-id=\"e684675\" data-element_type=\"widget\" data-widget_type=\"image.default\">\n\t\t\t\t\t\t\t\t\t\t\t\t\t\t\t<img fetchpriority=\"high\" decoding=\"async\" width=\"960\" height=\"320\" src=\"https:\/\/anaroma.dogaonline.com.tr\/wp-content\/uploads\/2025\/12\/20230602124149382-surdur-1024x341.webp\" class=\"attachment-large size-large wp-image-3422\" alt=\"\" srcset=\"https:\/\/anaroma.dogaonline.com.tr\/wp-content\/uploads\/2025\/12\/20230602124149382-surdur-1024x341.webp 1024w, https:\/\/anaroma.dogaonline.com.tr\/wp-content\/uploads\/2025\/12\/20230602124149382-surdur-300x100.webp 300w, https:\/\/anaroma.dogaonline.com.tr\/wp-content\/uploads\/2025\/12\/20230602124149382-surdur-768x256.webp 768w, https:\/\/anaroma.dogaonline.com.tr\/wp-content\/uploads\/2025\/12\/20230602124149382-surdur-1536x512.webp 1536w, https:\/\/anaroma.dogaonline.com.tr\/wp-content\/uploads\/2025\/12\/20230602124149382-surdur-2048x683.webp 2048w, https:\/\/anaroma.dogaonline.com.tr\/wp-content\/uploads\/2025\/12\/20230602124149382-surdur-18x6.webp 18w, https:\/\/anaroma.dogaonline.com.tr\/wp-content\/uploads\/2025\/12\/20230602124149382-surdur-600x200.webp 600w, https:\/\/anaroma.dogaonline.com.tr\/wp-content\/uploads\/2025\/12\/20230602124149382-surdur-90x30.webp 90w\" sizes=\"(max-width: 960px) 100vw, 960px\" \/>\t\t\t\t\t\t\t\t\t\t\t\t\t\t\t<\/div>\n\t\t\t\t\t<\/div>\n\t\t\t\t<\/div>\n\t\t<div class=\"elementor-element elementor-element-0cd9219 e-flex e-con-boxed e-con e-parent\" data-id=\"0cd9219\" data-element_type=\"container\">\n\t\t\t\t\t<div class=\"e-con-inner\">\n\t\t<div class=\"elementor-element elementor-element-d33519b e-con-full e-flex e-con e-child\" data-id=\"d33519b\" data-element_type=\"container\">\n\t\t\t\t<div class=\"elementor-element elementor-element-281b20d elementor-widget elementor-widget-heading\" data-id=\"281b20d\" data-element_type=\"widget\" data-widget_type=\"heading.default\">\n\t\t\t\t\t<h2 class=\"elementor-heading-title elementor-size-default\">We are inspired by nature and protect the future together.<\/h2>\t\t\t\t<\/div>\n\t\t\t\t<div class=\"elementor-element elementor-element-1806ade elementor-widget elementor-widget-text-editor\" data-id=\"1806ade\" data-element_type=\"widget\" data-widget_type=\"text-editor.default\">\n\t\t\t\t\t\t\t\t\t<p>As Anaroma, we think not only about today's world but also about tomorrow's world in flavor and essence production. From raw materials to production, from packaging to our business partners <strong>environmental, social and ethical responsibility<\/strong> we're putting it at the center.<\/p>\t\t\t\t\t\t\t\t<\/div>\n\t\t\t\t<\/div>\n\t\t<div class=\"elementor-element elementor-element-8b2c78a e-con-full e-flex e-con e-child\" data-id=\"8b2c78a\" data-element_type=\"container\">\n\t\t\t\t<div class=\"elementor-element elementor-element-4e8fe35 elementor-widget elementor-widget-image\" data-id=\"4e8fe35\" data-element_type=\"widget\" data-widget_type=\"image.default\">\n\t\t\t\t\t\t\t\t\t\t\t\t\t\t\t<img decoding=\"async\" width=\"900\" height=\"400\" src=\"https:\/\/anaroma.dogaonline.com.tr\/wp-content\/uploads\/2025\/12\/15305724-0c7f-48cc-93f5-35781f41a63e_Surdurulebilirlik-resmi.jpg\" class=\"attachment-large size-large wp-image-3420\" alt=\"\" srcset=\"https:\/\/anaroma.dogaonline.com.tr\/wp-content\/uploads\/2025\/12\/15305724-0c7f-48cc-93f5-35781f41a63e_Surdurulebilirlik-resmi.jpg 900w, https:\/\/anaroma.dogaonline.com.tr\/wp-content\/uploads\/2025\/12\/15305724-0c7f-48cc-93f5-35781f41a63e_Surdurulebilirlik-resmi-300x133.jpg 300w, https:\/\/anaroma.dogaonline.com.tr\/wp-content\/uploads\/2025\/12\/15305724-0c7f-48cc-93f5-35781f41a63e_Surdurulebilirlik-resmi-768x341.jpg 768w, https:\/\/anaroma.dogaonline.com.tr\/wp-content\/uploads\/2025\/12\/15305724-0c7f-48cc-93f5-35781f41a63e_Surdurulebilirlik-resmi-18x8.jpg 18w, https:\/\/anaroma.dogaonline.com.tr\/wp-content\/uploads\/2025\/12\/15305724-0c7f-48cc-93f5-35781f41a63e_Surdurulebilirlik-resmi-600x267.jpg 600w, https:\/\/anaroma.dogaonline.com.tr\/wp-content\/uploads\/2025\/12\/15305724-0c7f-48cc-93f5-35781f41a63e_Surdurulebilirlik-resmi-90x40.jpg 90w\" sizes=\"(max-width: 900px) 100vw, 900px\" \/>\t\t\t\t\t\t\t\t\t\t\t\t\t\t\t<\/div>\n\t\t\t\t<\/div>\n\t\t\t\t\t<\/div>\n\t\t\t\t<\/div>\n\t\t<div class=\"elementor-element elementor-element-75d5244 e-flex e-con-boxed e-con e-parent\" data-id=\"75d5244\" data-element_type=\"container\" data-settings=\"{&quot;background_background&quot;:&quot;classic&quot;}\">\n\t\t\t\t\t<div class=\"e-con-inner\">\n\t\t<div class=\"elementor-element elementor-element-b031c1b e-con-full e-flex e-con e-child\" data-id=\"b031c1b\" data-element_type=\"container\">\n\t\t\t\t<div class=\"elementor-element elementor-element-05bcb44 elementor-widget elementor-widget-image\" data-id=\"05bcb44\" data-element_type=\"widget\" data-widget_type=\"image.default\">\n\t\t\t\t\t\t\t\t\t\t\t\t\t\t\t<img decoding=\"async\" width=\"600\" height=\"600\" src=\"https:\/\/anaroma.dogaonline.com.tr\/wp-content\/uploads\/2025\/12\/2-36.png\" class=\"attachment-large size-large wp-image-3423\" alt=\"\" srcset=\"https:\/\/anaroma.dogaonline.com.tr\/wp-content\/uploads\/2025\/12\/2-36.png 600w, https:\/\/anaroma.dogaonline.com.tr\/wp-content\/uploads\/2025\/12\/2-36-300x300.png 300w, https:\/\/anaroma.dogaonline.com.tr\/wp-content\/uploads\/2025\/12\/2-36-150x150.png 150w, https:\/\/anaroma.dogaonline.com.tr\/wp-content\/uploads\/2025\/12\/2-36-12x12.png 12w, https:\/\/anaroma.dogaonline.com.tr\/wp-content\/uploads\/2025\/12\/2-36-450x450.png 450w, https:\/\/anaroma.dogaonline.com.tr\/wp-content\/uploads\/2025\/12\/2-36-54x54.png 54w\" sizes=\"(max-width: 600px) 100vw, 600px\" \/>\t\t\t\t\t\t\t\t\t\t\t\t\t\t\t<\/div>\n\t\t\t\t<\/div>\n\t\t<div class=\"elementor-element elementor-element-878ec88 e-con-full e-flex e-con e-child\" data-id=\"878ec88\" data-element_type=\"container\">\n\t\t\t\t<div class=\"elementor-element elementor-element-c2d1030 elementor-widget elementor-widget-heading\" data-id=\"c2d1030\" data-element_type=\"widget\" data-widget_type=\"heading.default\">\n\t\t\t\t\t<h2 class=\"elementor-heading-title elementor-size-default\">What we take from nature, we give back to nature with respect.<\/h2>\t\t\t\t<\/div>\n\t\t\t\t<div class=\"elementor-element elementor-element-a5f976f elementor-widget elementor-widget-text-editor\" data-id=\"a5f976f\" data-element_type=\"widget\" data-widget_type=\"text-editor.default\">\n\t\t\t\t\t\t\t\t\t<ul><li><p>Vegetable raw materials from renewable resources<\/p><\/li><li><p>Supply processes that do not disturb the natural balance<\/p><\/li><li><p>Production methods with minimized chemical load<\/p><\/li><li><p>Efficiency-oriented approach in water and energy use<\/p><\/li><\/ul>\t\t\t\t\t\t\t\t<\/div>\n\t\t\t\t<\/div>\n\t\t\t\t\t<\/div>\n\t\t\t\t<\/div>\n\t\t<div class=\"elementor-element elementor-element-d64b4aa e-flex e-con-boxed e-con e-parent\" data-id=\"d64b4aa\" data-element_type=\"container\">\n\t\t\t\t\t<div class=\"e-con-inner\">\n\t\t<div class=\"elementor-element elementor-element-a4bce4d e-con-full e-flex e-con e-child\" data-id=\"a4bce4d\" data-element_type=\"container\">\n\t\t\t\t<div class=\"elementor-element elementor-element-e181152 elementor-widget elementor-widget-heading\" data-id=\"e181152\" data-element_type=\"widget\" data-widget_type=\"heading.default\">\n\t\t\t\t\t<h2 class=\"elementor-heading-title elementor-size-default\">Ethical Sourcing &amp; Transparency<\/h2>\t\t\t\t<\/div>\n\t\t\t\t<div class=\"elementor-element elementor-element-a0f7cbc elementor-widget elementor-widget-text-editor\" data-id=\"a0f7cbc\" data-element_type=\"widget\" data-widget_type=\"text-editor.default\">\n\t\t\t\t\t\t\t\t\t<p>At Anaroma, sustainability is not only environmental, <strong>is a human value<\/strong>.<\/p><ul data-spread=\"false\"><li><p>Fair trade principles<\/p><\/li><li><p>Long-term collaborations with local producers<\/p><\/li><li><p>Traceable and transparent supply chain<\/p><\/li><li><p>Compliance with international quality and ethical standards<\/p><\/li><\/ul><blockquote><p>Reliable flavor comes from a reliable source.<\/p><\/blockquote>\t\t\t\t\t\t\t\t<\/div>\n\t\t\t\t<\/div>\n\t\t<div class=\"elementor-element elementor-element-4cd6821 e-con-full e-flex e-con e-child\" data-id=\"4cd6821\" data-element_type=\"container\">\n\t\t\t\t<div class=\"elementor-element elementor-element-e23db63 elementor-widget elementor-widget-image\" data-id=\"e23db63\" data-element_type=\"widget\" data-widget_type=\"image.default\">\n\t\t\t\t\t\t\t\t\t\t\t\t\t\t\t<img loading=\"lazy\" decoding=\"async\" width=\"960\" height=\"720\" src=\"https:\/\/anaroma.dogaonline.com.tr\/wp-content\/uploads\/2025\/12\/tedarik-zinciri-halkalari.png\" class=\"attachment-large size-large wp-image-3424\" alt=\"\" srcset=\"https:\/\/anaroma.dogaonline.com.tr\/wp-content\/uploads\/2025\/12\/tedarik-zinciri-halkalari.png 1024w, https:\/\/anaroma.dogaonline.com.tr\/wp-content\/uploads\/2025\/12\/tedarik-zinciri-halkalari-300x225.png 300w, https:\/\/anaroma.dogaonline.com.tr\/wp-content\/uploads\/2025\/12\/tedarik-zinciri-halkalari-768x576.png 768w, https:\/\/anaroma.dogaonline.com.tr\/wp-content\/uploads\/2025\/12\/tedarik-zinciri-halkalari-16x12.png 16w, https:\/\/anaroma.dogaonline.com.tr\/wp-content\/uploads\/2025\/12\/tedarik-zinciri-halkalari-600x450.png 600w, https:\/\/anaroma.dogaonline.com.tr\/wp-content\/uploads\/2025\/12\/tedarik-zinciri-halkalari-72x54.png 72w\" sizes=\"(max-width: 960px) 100vw, 960px\" \/>\t\t\t\t\t\t\t\t\t\t\t\t\t\t\t<\/div>\n\t\t\t\t<\/div>\n\t\t\t\t\t<\/div>\n\t\t\t\t<\/div>\n\t\t\t\t<\/div>","protected":false},"excerpt":{"rendered":"<p>S\u00fcrd\u00fcr\u00fclebilirlik Anaroma olarak, s\u00fcrd\u00fcr\u00fclebilir \u00fcretim teknikleri ve \u00e7evre dostu \u00e7\u00f6z\u00fcmlerle daha ya\u015fanabilir bir d\u00fcnya i\u00e7in \u00e7al\u0131\u015f\u0131yoruz. Do\u011fadan ilham al\u0131yor, gelece\u011fi birlikte koruyoruz. Anaroma olarak aroma ve esans \u00fcretiminde yaln\u0131zca bug\u00fcn\u00fcn de\u011fil, yar\u0131n\u0131n d\u00fcnyas\u0131n\u0131 da d\u00fc\u015f\u00fcn\u00fcyoruz. Hammaddeden \u00fcretime, ambalajdan i\u015f ortaklar\u0131m\u0131za kadar her ad\u0131mda \u00e7evresel, sosyal ve etik sorumlulu\u011fu merkeze al\u0131yoruz. Do\u011fadan ald\u0131\u011f\u0131m\u0131z\u0131, do\u011faya sayg\u0131yla geri<\/p>\n<div class=\"klb-readmore post-buttons\"><a class=\"btn btn-black btn-rounded\" href=\"https:\/\/anaroma.dogaonline.com.tr\/en\/sustainability\/\">Read More <i class=\"klbth-icon-right-arrow\"><\/i><\/a><\/div>","protected":false},"author":1,"featured_media":0,"parent":0,"menu_order":0,"comment_status":"closed","ping_status":"closed","template":"","meta":{"footnotes":""},"class_list":["post-3391","page","type-page","status-publish","hentry"],"_links":{"self":[{"href":"https:\/\/anaroma.dogaonline.com.tr\/en\/wp-json\/wp\/v2\/pages\/3391","targetHints":{"allow":["GET"]}}],"collection":[{"href":"https:\/\/anaroma.dogaonline.com.tr\/en\/wp-json\/wp\/v2\/pages"}],"about":[{"href":"https:\/\/anaroma.dogaonline.com.tr\/en\/wp-json\/wp\/v2\/types\/page"}],"author":[{"embeddable":true,"href":"https:\/\/anaroma.dogaonline.com.tr\/en\/wp-json\/wp\/v2\/users\/1"}],"replies":[{"embeddable":true,"href":"https:\/\/anaroma.dogaonline.com.tr\/en\/wp-json\/wp\/v2\/comments?post=3391"}],"version-history":[{"count":4,"href":"https:\/\/anaroma.dogaonline.com.tr\/en\/wp-json\/wp\/v2\/pages\/3391\/revisions"}],"predecessor-version":[{"id":3427,"href":"https:\/\/anaroma.dogaonline.com.tr\/en\/wp-json\/wp\/v2\/pages\/3391\/revisions\/3427"}],"wp:attachment":[{"href":"https:\/\/anaroma.dogaonline.com.tr\/en\/wp-json\/wp\/v2\/media?parent=3391"}],"curies":[{"name":"wp","href":"https:\/\/api.w.org\/{rel}","templated":true}]}}